{"id":190,"date":"2025-01-02T01:31:21","date_gmt":"2025-01-02T01:31:21","guid":{"rendered":"https:\/\/oceantourism.org\/?page_id=190"},"modified":"2025-01-02T01:32:40","modified_gmt":"2025-01-02T01:32:40","slug":"imprint","status":"publish","type":"page","link":"https:\/\/oceantourism.org\/es\/imprint\/","title":{"rendered":"Imprimir"},"content":{"rendered":"<div data-elementor-type=\"wp-page\" data-elementor-id=\"190\" class=\"elementor elementor-190\" data-elementor-post-type=\"page\">\n\t\t\t\t\t\t<section class=\"elementor-section elementor-top-section elementor-element elementor-element-27b8163 elementor-section-height-min-height elementor-section-boxed elementor-section-height-default elementor-section-items-middle\" data-id=\"27b8163\" data-element_type=\"section\" data-e-type=\"section\" data-settings=\"{&quot;background_background&quot;:&quot;classic&quot;}\">\n\t\t\t\t\t\t\t<div class=\"elementor-background-overlay\"><\/div>\n\t\t\t\t\t\t\t<div class=\"elementor-container elementor-column-gap-default\">\n\t\t\t\t\t<div class=\"elementor-column elementor-col-100 elementor-top-column elementor-element elementor-element-3f961169\" data-id=\"3f961169\" data-element_type=\"column\" data-e-type=\"column\">\n\t\t\t<div class=\"elementor-widget-wrap elementor-element-populated\">\n\t\t\t\t\t\t<div class=\"elementor-element elementor-element-1979ad12 elementor-widget elementor-widget-heading\" data-id=\"1979ad12\" data-element_type=\"widget\" data-e-type=\"widget\" data-widget_type=\"heading.default\">\n\t\t\t\t<div class=\"elementor-widget-container\">\n\t\t\t\t\t<h2 class=\"elementor-heading-title elementor-size-default\">Imprimir<\/h2>\t\t\t\t<\/div>\n\t\t\t\t<\/div>\n\t\t\t\t\t<\/div>\n\t\t<\/div>\n\t\t\t\t\t<\/div>\n\t\t<\/section>\n\t\t\t\t<section class=\"elementor-section elementor-top-section elementor-element elementor-element-6a0bf142 elementor-section-boxed elementor-section-height-default elementor-section-height-default\" data-id=\"6a0bf142\" data-element_type=\"section\" data-e-type=\"section\">\n\t\t\t\t\t\t<div class=\"elementor-container elementor-column-gap-default\">\n\t\t\t\t\t<div class=\"elementor-column elementor-col-100 elementor-top-column elementor-element elementor-element-180be562\" data-id=\"180be562\" data-element_type=\"column\" data-e-type=\"column\">\n\t\t\t<div class=\"elementor-widget-wrap elementor-element-populated\">\n\t\t\t\t\t\t<div class=\"elementor-element elementor-element-6bf67164 elementor-widget elementor-widget-text-editor\" data-id=\"6bf67164\" data-element_type=\"widget\" data-e-type=\"widget\" data-widget_type=\"text-editor.default\">\n\t\t\t\t<div class=\"elementor-widget-container\">\n\t\t\t\t\t\t\t\t\t<h3><strong>La Fundaci\u00f3n del Oc\u00e9ano<\/strong><\/h3><p>1320 19th St, NW, Suite 500, Washington, DC 20036<\/p><p>Tel\u00e9fono: (202) 887-8996<\/p><p><strong>Presidente<\/strong>:Mark J. Spalding<\/p><p><strong>Concepci\u00f3n, dise\u00f1o y realizaci\u00f3n t\u00e9cnica<\/strong><\/p><p>Puente de viaje GmbH<br \/>En Bueschelchen 12<br \/>34596 Bad Zwesten<\/p><p><strong>Responsable del contenido de este sitio web:<\/strong><\/p><p>Mark J. Spalding (presidente de la Fundaci\u00f3n Oc\u00e9ano)<\/p><p>1320 19th St, NW, Suite 500, Washington, DC 20036<\/p><p>No asumimos ninguna responsabilidad por el texto o el contenido de los sitios web a los que se hace referencia en este sitio web.<\/p><p><strong>Aviso de derechos de autor:<\/strong><\/p><p>Todos los textos e im\u00e1genes utilizados est\u00e1n protegidos por derechos de autor. Todos los textos est\u00e1n destinados exclusivamente al uso personal del usuario y sus empleados. No se permite la divulgaci\u00f3n a terceros de los contenidos de este sitio. La reimpresi\u00f3n, la copia fotomec\u00e1nica, electr\u00f3nica o de otro tipo, la edici\u00f3n, la traducci\u00f3n, la microfilmaci\u00f3n y el almacenamiento, la puesta a disposici\u00f3n del p\u00fablico, la integraci\u00f3n en bases de datos u otros medios y sistemas electr\u00f3nicos, incluso en parte, solo se permiten con el consentimiento del operador de la p\u00e1gina web.<br \/>Descargo de responsabilidad:<\/p><p>Seg\u00fan nuestro conocimiento, el contenido de los textos ha sido redactado. No se asume ninguna responsabilidad por la exactitud, actualidad, integridad y calidad del contenido.<\/p>\t\t\t\t\t\t\t\t<\/div>\n\t\t\t\t<\/div>\n\t\t\t\t\t<\/div>\n\t\t<\/div>\n\t\t\t\t\t<\/div>\n\t\t<\/section>\n\t\t<div class=\"elementor-element elementor-element-39b7fdcd e-flex e-con-boxed e-con e-parent\" data-id=\"39b7fdcd\" data-element_type=\"container\" data-e-type=\"container\">\n\t\t\t\t\t<div class=\"e-con-inner\">\n\t\t\t\t<div class=\"elementor-element elementor-element-55d4b527 elementor-widget elementor-widget-text-editor\" data-id=\"55d4b527\" data-element_type=\"widget\" data-e-type=\"widget\" data-widget_type=\"text-editor.default\">\n\t\t\t\t<div class=\"elementor-widget-container\">\n\t\t\t\t\t\t\t\t\t<p>Imagen de\u00a0<a href=\"https:\/\/pixabay.com\/de\/users\/skarletmotion-6385614\/?utm_source=link-attribution&amp;utm_medium=referral&amp;utm_campaign=image&amp;utm_content=6297060\" target=\"_blank\" rel=\"noopener\">Movimiento escarlata<\/a>\u00a0desde\u00a0<a href=\"https:\/\/pixabay.com\/de\/\/?utm_source=link-attribution&amp;utm_medium=referral&amp;utm_campaign=image&amp;utm_content=6297060\" target=\"_blank\" rel=\"noopener\">Pixabay<\/a><\/p>\t\t\t\t\t\t\t\t<\/div>\n\t\t\t\t<\/div>\n\t\t\t\t\t<\/div>\n\t\t\t\t<\/div>\n\t\t\t\t<\/div>","protected":false},"excerpt":{"rendered":"<p>Imprint The Ocean Foundation 1320 19th St, NW, Suite 500, Washington, DC 20036 Phone: (202) 887-8996 President: Mark J. Spalding Conception, design and technical realization travel bridge GmbHAm Bueschelchen 1234596 Bad Zwesten Person responsible for the content of this website: Mark J. Spalding (President The Ocean Foundation) 1320 19th St, NW, Suite 500, Washington, DC [&hellip;]<\/p>\n","protected":false},"author":1,"featured_media":0,"parent":0,"menu_order":0,"comment_status":"closed","ping_status":"closed","template":"","meta":{"inline_featured_image":false,"footnotes":""},"class_list":["post-190","page","type-page","status-publish","hentry"],"_links":{"self":[{"href":"https:\/\/oceantourism.org\/es\/wp-json\/wp\/v2\/pages\/190","targetHints":{"allow":["GET"]}}],"collection":[{"href":"https:\/\/oceantourism.org\/es\/wp-json\/wp\/v2\/pages"}],"about":[{"href":"https:\/\/oceantourism.org\/es\/wp-json\/wp\/v2\/types\/page"}],"author":[{"embeddable":true,"href":"https:\/\/oceantourism.org\/es\/wp-json\/wp\/v2\/users\/1"}],"replies":[{"embeddable":true,"href":"https:\/\/oceantourism.org\/es\/wp-json\/wp\/v2\/comments?post=190"}],"version-history":[{"count":0,"href":"https:\/\/oceantourism.org\/es\/wp-json\/wp\/v2\/pages\/190\/revisions"}],"wp:attachment":[{"href":"https:\/\/oceantourism.org\/es\/wp-json\/wp\/v2\/media?parent=190"}],"curies":[{"name":"wp","href":"https:\/\/api.w.org\/{rel}","templated":true}]}}